{"id":86,"date":"2018-01-04T12:50:55","date_gmt":"2018-01-04T11:50:55","guid":{"rendered":"http:\/\/localhost\/logo\/wordpress\/?page_id=86"},"modified":"2019-01-11T18:00:24","modified_gmt":"2019-01-11T17:00:24","slug":"faktor-zeit","status":"publish","type":"page","link":"https:\/\/xn--logopdie-stapf-9hb.de\/wordpress\/faktor-zeit\/","title":{"rendered":"Faktor Zeit"},"content":{"rendered":"<p>Stress und Hektik ist heute \u00fcberall zu sp\u00fcren. Wir nehmen uns die volle Therapiezeit f\u00fcr Sie:<\/p>\n<p>f\u00fcr ausf\u00fchrliche Diagnostik, um in Ruhe zu \u00dcben, f\u00fcr intensive Beratungen, f\u00fcr Gespr\u00e4che und das Individuum Mensch. <\/p>\n<p>Das schafft Vertrauen und bringt Erfolge!<\/p>\n","protected":false},"excerpt":{"rendered":"<p>Stress und Hektik ist heute \u00fcberall zu sp\u00fcren. Wir nehmen uns die volle Therapiezeit f\u00fcr Sie: f\u00fcr ausf\u00fchrliche Diagnostik, um in Ruhe zu \u00dcben, f\u00fcr intensive Beratungen, f\u00fcr Gespr\u00e4che und das Individuum Mensch. Das schafft Vertrauen und bringt Erfolge!<\/p>\n","protected":false},"author":1,"featured_media":0,"parent":0,"menu_order":0,"comment_status":"closed","ping_status":"closed","template":"","meta":{"footnotes":""},"class_list":["post-86","page","type-page","status-publish","hentry"],"_links":{"self":[{"href":"https:\/\/xn--logopdie-stapf-9hb.de\/wordpress\/wp-json\/wp\/v2\/pages\/86","targetHints":{"allow":["GET"]}}],"collection":[{"href":"https:\/\/xn--logopdie-stapf-9hb.de\/wordpress\/wp-json\/wp\/v2\/pages"}],"about":[{"href":"https:\/\/xn--logopdie-stapf-9hb.de\/wordpress\/wp-json\/wp\/v2\/types\/page"}],"author":[{"embeddable":true,"href":"https:\/\/xn--logopdie-stapf-9hb.de\/wordpress\/wp-json\/wp\/v2\/users\/1"}],"replies":[{"embeddable":true,"href":"https:\/\/xn--logopdie-stapf-9hb.de\/wordpress\/wp-json\/wp\/v2\/comments?post=86"}],"version-history":[{"count":7,"href":"https:\/\/xn--logopdie-stapf-9hb.de\/wordpress\/wp-json\/wp\/v2\/pages\/86\/revisions"}],"predecessor-version":[{"id":297,"href":"https:\/\/xn--logopdie-stapf-9hb.de\/wordpress\/wp-json\/wp\/v2\/pages\/86\/revisions\/297"}],"wp:attachment":[{"href":"https:\/\/xn--logopdie-stapf-9hb.de\/wordpress\/wp-json\/wp\/v2\/media?parent=86"}],"curies":[{"name":"wp","href":"https:\/\/api.w.org\/{rel}","templated":true}]}}