{"id":60,"date":"2018-01-04T12:22:41","date_gmt":"2018-01-04T11:22:41","guid":{"rendered":"http:\/\/localhost\/logo\/wordpress\/?page_id=60"},"modified":"2025-03-01T11:14:24","modified_gmt":"2025-03-01T10:14:24","slug":"about-us","status":"publish","type":"page","link":"https:\/\/xn--logopdie-stapf-9hb.de\/wordpress\/about-us\/","title":{"rendered":"Herzlich Willkommen"},"content":{"rendered":"<p>Herzlich willkommen auf unserer Homepage!<\/p>\n<p>Mein Name ist Regina Stapf.<\/p>\n<p><img loading=\"lazy\" decoding=\"async\" class=\"alignnone size-medium wp-image-64\" src=\"https:\/\/logop\u00e4die-stapf.de\/wordpress\/wp-content\/uploads\/2018\/01\/regina-stapf-300x200.jpg\" alt=\"\" width=\"300\" height=\"200\" srcset=\"https:\/\/xn--logopdie-stapf-9hb.de\/wordpress\/wp-content\/uploads\/2018\/01\/regina-stapf-300x200.jpg 300w, https:\/\/xn--logopdie-stapf-9hb.de\/wordpress\/wp-content\/uploads\/2018\/01\/regina-stapf-768x512.jpg 768w, https:\/\/xn--logopdie-stapf-9hb.de\/wordpress\/wp-content\/uploads\/2018\/01\/regina-stapf-1024x683.jpg 1024w, https:\/\/xn--logopdie-stapf-9hb.de\/wordpress\/wp-content\/uploads\/2018\/01\/regina-stapf-1200x800.jpg 1200w, https:\/\/xn--logopdie-stapf-9hb.de\/wordpress\/wp-content\/uploads\/2018\/01\/regina-stapf.jpg 1995w\" sizes=\"auto, (max-width: 300px) 100vw, 300px\" \/><\/p>\n<p>Ben\u00f6tigen Sie\u00a0Logop\u00e4die f\u00fcr sich selbst oder f\u00fcr einen Ihrer Lieben? Dann sind Sie hier genau richtig. Viel Spa\u00df beim durchst\u00f6bern<\/p>\n","protected":false},"excerpt":{"rendered":"<p>Herzlich willkommen auf unserer Homepage! Mein Name ist Regina Stapf. Ben\u00f6tigen Sie\u00a0Logop\u00e4die f\u00fcr sich selbst oder f\u00fcr einen Ihrer Lieben? Dann sind Sie hier genau richtig. Viel Spa\u00df beim durchst\u00f6bern<\/p>\n","protected":false},"author":1,"featured_media":0,"parent":0,"menu_order":0,"comment_status":"closed","ping_status":"closed","template":"","meta":{"footnotes":""},"class_list":["post-60","page","type-page","status-publish","hentry"],"_links":{"self":[{"href":"https:\/\/xn--logopdie-stapf-9hb.de\/wordpress\/wp-json\/wp\/v2\/pages\/60","targetHints":{"allow":["GET"]}}],"collection":[{"href":"https:\/\/xn--logopdie-stapf-9hb.de\/wordpress\/wp-json\/wp\/v2\/pages"}],"about":[{"href":"https:\/\/xn--logopdie-stapf-9hb.de\/wordpress\/wp-json\/wp\/v2\/types\/page"}],"author":[{"embeddable":true,"href":"https:\/\/xn--logopdie-stapf-9hb.de\/wordpress\/wp-json\/wp\/v2\/users\/1"}],"replies":[{"embeddable":true,"href":"https:\/\/xn--logopdie-stapf-9hb.de\/wordpress\/wp-json\/wp\/v2\/comments?post=60"}],"version-history":[{"count":6,"href":"https:\/\/xn--logopdie-stapf-9hb.de\/wordpress\/wp-json\/wp\/v2\/pages\/60\/revisions"}],"predecessor-version":[{"id":367,"href":"https:\/\/xn--logopdie-stapf-9hb.de\/wordpress\/wp-json\/wp\/v2\/pages\/60\/revisions\/367"}],"wp:attachment":[{"href":"https:\/\/xn--logopdie-stapf-9hb.de\/wordpress\/wp-json\/wp\/v2\/media?parent=60"}],"curies":[{"name":"wp","href":"https:\/\/api.w.org\/{rel}","templated":true}]}}