{"id":347,"date":"2020-09-05T15:53:41","date_gmt":"2020-09-05T13:53:41","guid":{"rendered":"https:\/\/xn--logopdie-stapf-9hb.de\/wordpress\/?page_id=347"},"modified":"2020-09-05T15:53:41","modified_gmt":"2020-09-05T13:53:41","slug":"stellenausschreibung","status":"publish","type":"page","link":"https:\/\/xn--logopdie-stapf-9hb.de\/wordpress\/stellenausschreibung\/","title":{"rendered":"Stellenausschreibung"},"content":{"rendered":"\n<p><strong>Suche dringend eine Logop\u00e4din\/Logop\u00e4de<\/strong><\/p>\n\n\n\n<p><strong>Ich biete:<\/strong><\/p>\n\n\n\n<ul class=\"wp-block-list\"><li>weit \u00fcberdurchschnittliche Bezahlung!<\/li><li>eigenes Therapiezimmer mit Liege und PC<\/li><li>28 Urlaubstage<\/li><li>bezahlter Praxisausflug<\/li><li>regelm\u00e4\u00dfige Teamsitzungen<\/li><li>Fortbildungszuschuss<\/li><li>Bezahlte interne Fortbildungen<\/li><li>Fahrtkostenerstattung und Hausbesuchspauschale<\/li><li>monatliche Tankgutscheine<\/li><li>Weihnachtsgeld<\/li><li>Kostenlose naturheilkundliche Behandlungen wenn gew\u00fcnscht<\/li><li>die M\u00f6glichkeit mit Therapiehund zu arbeiten (bitte nichthaarende Rassen!)<\/li><li>die M\u00f6glichkeit sich zu spezialisieren<\/li><\/ul>\n\n\n\n<p><strong>Wir suchen Dich, wenn du:<\/strong><\/p>\n\n\n\n<ul class=\"wp-block-list\"><li>Spa\u00df an der Arbeit hast<\/li><li>gerne im Team arbeitest<\/li><li>noch viel dazulernen m\u00f6chtest, gerne Berufsanf\u00e4nger<\/li><li>offen bist f\u00fcr neue und alternative Behandlungsans\u00e4tze<\/li><\/ul>\n\n\n\n<p>Bewerbungen gerne per E-Mail: logo.r.stapf@t-online.de<\/p>\n\n\n\n<p><\/p>\n\n\n\n<p>Regina Stapf<\/p>\n","protected":false},"excerpt":{"rendered":"<p>Suche dringend eine Logop\u00e4din\/Logop\u00e4de Ich biete: weit \u00fcberdurchschnittliche Bezahlung! eigenes Therapiezimmer mit Liege und PC 28 Urlaubstage bezahlter Praxisausflug regelm\u00e4\u00dfige Teamsitzungen Fortbildungszuschuss Bezahlte interne Fortbildungen Fahrtkostenerstattung und Hausbesuchspauschale monatliche Tankgutscheine Weihnachtsgeld Kostenlose naturheilkundliche Behandlungen wenn gew\u00fcnscht die M\u00f6glichkeit mit Therapiehund zu arbeiten (bitte nichthaarende Rassen!) die M\u00f6glichkeit sich zu spezialisieren [&hellip;]<\/p>\n","protected":false},"author":1,"featured_media":0,"parent":0,"menu_order":0,"comment_status":"closed","ping_status":"closed","template":"","meta":{"footnotes":""},"class_list":["post-347","page","type-page","status-publish","hentry"],"_links":{"self":[{"href":"https:\/\/xn--logopdie-stapf-9hb.de\/wordpress\/wp-json\/wp\/v2\/pages\/347","targetHints":{"allow":["GET"]}}],"collection":[{"href":"https:\/\/xn--logopdie-stapf-9hb.de\/wordpress\/wp-json\/wp\/v2\/pages"}],"about":[{"href":"https:\/\/xn--logopdie-stapf-9hb.de\/wordpress\/wp-json\/wp\/v2\/types\/page"}],"author":[{"embeddable":true,"href":"https:\/\/xn--logopdie-stapf-9hb.de\/wordpress\/wp-json\/wp\/v2\/users\/1"}],"replies":[{"embeddable":true,"href":"https:\/\/xn--logopdie-stapf-9hb.de\/wordpress\/wp-json\/wp\/v2\/comments?post=347"}],"version-history":[{"count":1,"href":"https:\/\/xn--logopdie-stapf-9hb.de\/wordpress\/wp-json\/wp\/v2\/pages\/347\/revisions"}],"predecessor-version":[{"id":348,"href":"https:\/\/xn--logopdie-stapf-9hb.de\/wordpress\/wp-json\/wp\/v2\/pages\/347\/revisions\/348"}],"wp:attachment":[{"href":"https:\/\/xn--logopdie-stapf-9hb.de\/wordpress\/wp-json\/wp\/v2\/media?parent=347"}],"curies":[{"name":"wp","href":"https:\/\/api.w.org\/{rel}","templated":true}]}}