{"id":31,"date":"2018-01-03T17:10:15","date_gmt":"2018-01-03T16:10:15","guid":{"rendered":"http:\/\/localhost\/logo\/wordpress\/?page_id=31"},"modified":"2018-01-03T17:22:02","modified_gmt":"2018-01-03T16:22:02","slug":"verordnungsweg","status":"publish","type":"page","link":"https:\/\/xn--logopdie-stapf-9hb.de\/wordpress\/verordnungsweg\/","title":{"rendered":"Verordnungsweg"},"content":{"rendered":"<p><span style=\"font-size: large;\"><span style=\"font-size: large;\">1.\u00a0Schildern Sie Ihrem Arzt Ihre Beschwerden. Er wird Ihnen eine logop\u00e4dische Verordnung mit Therapieh\u00e4ufigkeit und Therapiel\u00e4nge pro Sitzung ausstellen. <\/span><\/span><span style=\"font-size: large;\">Beachten Sie, dass eine solche Verordnung nur f\u00fcr 14 Tage g\u00fcltig ist. <\/span><span style=\"font-size: large;\">Wenn notwendig, genehmigt er Ihnen auch einen Hausbesuch. Zust\u00e4ndige \u00c4rzte hierf\u00fcr sind:<\/span><\/p>\n<ul>\n<li><span style=\"font-size: large;\">Kinder\u00e4rzte <\/span><\/li>\n<li><span style=\"font-size: large;\">HNO-\u00c4rzte<\/span><\/li>\n<li><span style=\"font-size: large;\">Phoniater<\/span><\/li>\n<li><span style=\"font-size: large;\">Haus\u00e4rzte<\/span><\/li>\n<li><span style=\"font-size: large;\">Neurologen<\/span><\/li>\n<li><span style=\"font-size: large;\">Zahn\u00e4rzte<\/span><\/li>\n<li><span style=\"font-size: large;\">Kieferorthop\u00e4den<\/span><\/li>\n<\/ul>\n<p><span style=\"font-size: large;\">2. Vereinbaren Sie telefonisch einen Termin bei uns und bringen Sie beim ersten Besuch die noch g\u00fcltige und ausgestellte Verordnung des Arztes mit.<\/span><\/p>\n<p><span style=\"font-size: large;\">3. Die Therapeutin bespricht nach ausf\u00fchrlicher Anamnese und Diagnostik das weitere Vorgehen mit Ihnen. Nach 10 Behandlungen erfolgt in der Regel eine Berichterstattung an den verordnenden Arzt. Sie erhalten dann von Ihm eine Folgeverordnung wenn die Behandlung noch weiter notwendig ist.<\/span><\/p>\n","protected":false},"excerpt":{"rendered":"<p>1.\u00a0Schildern Sie Ihrem Arzt Ihre Beschwerden. Er wird Ihnen eine logop\u00e4dische Verordnung mit Therapieh\u00e4ufigkeit und Therapiel\u00e4nge pro Sitzung ausstellen. Beachten Sie, dass eine solche Verordnung nur f\u00fcr 14 Tage g\u00fcltig ist. Wenn notwendig, genehmigt er Ihnen auch einen Hausbesuch. Zust\u00e4ndige \u00c4rzte hierf\u00fcr sind: Kinder\u00e4rzte HNO-\u00c4rzte Phoniater Haus\u00e4rzte Neurologen Zahn\u00e4rzte Kieferorthop\u00e4den [&hellip;]<\/p>\n","protected":false},"author":1,"featured_media":0,"parent":0,"menu_order":0,"comment_status":"closed","ping_status":"closed","template":"","meta":{"footnotes":""},"class_list":["post-31","page","type-page","status-publish","hentry"],"_links":{"self":[{"href":"https:\/\/xn--logopdie-stapf-9hb.de\/wordpress\/wp-json\/wp\/v2\/pages\/31","targetHints":{"allow":["GET"]}}],"collection":[{"href":"https:\/\/xn--logopdie-stapf-9hb.de\/wordpress\/wp-json\/wp\/v2\/pages"}],"about":[{"href":"https:\/\/xn--logopdie-stapf-9hb.de\/wordpress\/wp-json\/wp\/v2\/types\/page"}],"author":[{"embeddable":true,"href":"https:\/\/xn--logopdie-stapf-9hb.de\/wordpress\/wp-json\/wp\/v2\/users\/1"}],"replies":[{"embeddable":true,"href":"https:\/\/xn--logopdie-stapf-9hb.de\/wordpress\/wp-json\/wp\/v2\/comments?post=31"}],"version-history":[{"count":2,"href":"https:\/\/xn--logopdie-stapf-9hb.de\/wordpress\/wp-json\/wp\/v2\/pages\/31\/revisions"}],"predecessor-version":[{"id":35,"href":"https:\/\/xn--logopdie-stapf-9hb.de\/wordpress\/wp-json\/wp\/v2\/pages\/31\/revisions\/35"}],"wp:attachment":[{"href":"https:\/\/xn--logopdie-stapf-9hb.de\/wordpress\/wp-json\/wp\/v2\/media?parent=31"}],"curies":[{"name":"wp","href":"https:\/\/api.w.org\/{rel}","templated":true}]}}