{"id":25,"date":"2018-01-03T17:00:13","date_gmt":"2018-01-03T16:00:13","guid":{"rendered":"http:\/\/localhost\/logo\/wordpress\/?page_id=25"},"modified":"2018-01-18T17:35:04","modified_gmt":"2018-01-18T16:35:04","slug":"unsere-leistungen","status":"publish","type":"page","link":"https:\/\/xn--logopdie-stapf-9hb.de\/wordpress\/unsere-leistungen\/","title":{"rendered":"Unsere Leistungen"},"content":{"rendered":"<p style=\"text-align: center;\"><span style=\"font-size: large;\"><b>Sprechst\u00f6rungen<\/b><\/span><\/p>\n<ul>\n<li><span style=\"font-size: medium;\">angeborene Artikulationsst\u00f6rungen\/Lautfehlbildungen (Dyslalie)<\/span><\/li>\n<li><span style=\"font-size: medium;\">erworbene Artikulationsst\u00f6rungen z.B. nach Schlaganfall oder bei neurologischen Erkrankungen (Dysarthrie)<\/span><\/li>\n<li><span style=\"font-size: medium;\">Sprachentwicklungsbehinderung<\/span><\/li>\n<li><span style=\"font-size: medium;\">Stottern<\/span><\/li>\n<li><span style=\"font-size: medium;\">Poltern<\/span><\/li>\n<\/ul>\n<p>&nbsp;<\/p>\n<p style=\"text-align: center;\"><span style=\"font-size: large;\"><b>Sprachst\u00f6rungen<\/b><\/span><\/p>\n<ul>\n<li><span style=\"font-size: medium;\">St\u00f6rungen der Grammatik (Dysgrammatismus)<\/span><\/li>\n<li><span style=\"font-size: medium;\">Wortschatzdefizite<\/span><\/li>\n<li><span style=\"font-size: medium;\">Wortfindungsst\u00f6rungen b. Kindern u. Erwachsenen<\/span><\/li>\n<li><span style=\"font-size: medium;\">Sprachst\u00f6rungen nach Schlaganfall (Aphasie)<\/span><\/li>\n<li><span style=\"font-size: medium;\">Sprachst\u00f6rungen bei Demenz<\/span><\/li>\n<\/ul>\n<p>&nbsp;<\/p>\n<p style=\"text-align: center;\"><span style=\"font-size: large;\"><b>Schluckst\u00f6rungen<\/b><\/span><\/p>\n<ul>\n<li><span style=\"font-size: medium;\">Saug- und Trinkst\u00f6rungen bei S\u00e4uglingen<\/span><\/li>\n<li><span style=\"font-size: medium;\">Muskelfunktionsst\u00f6rungen von Zunge und Kiefer zur Zahnspangenunterst\u00fctzung (Myofunktionelle St\u00f6rung)<\/span><\/li>\n<li><span style=\"font-size: medium;\">Schluckst\u00f6rungen:<\/span>\n<ul>\n<li><span style=\"font-size: medium;\">nach Schlaganfall<\/span><\/li>\n<li><span style=\"font-size: medium;\">bei neurologischen Erkrankungen<\/span><\/li>\n<li><span style=\"font-size: medium;\">altersbedingt<\/span><\/li>\n<li><span style=\"font-size: medium;\">bei Demenz<\/span><\/li>\n<li><span style=\"font-size: medium;\">bei Krebserkrankungen<\/span><\/li>\n<li><span style=\"font-size: medium;\">nach Operationen im Kopf-\/Halsbereich<\/span><\/li>\n<\/ul>\n<\/li>\n<\/ul>\n<p>&nbsp;<\/p>\n<p style=\"text-align: center;\"><span style=\"font-size: large;\"><b>Stimmst\u00f6rungen<\/b><\/span><\/p>\n<ul>\n<li><span style=\"font-size: medium;\">bei Muskelunter- und \u2013\u00fcberfunktion im Kehlbereich (hypofunktionelle und hyperfunktionelle Dysphonie)<\/span><\/li>\n<li><span style=\"font-size: medium;\">N\u00e4seln (Rinophonie\/Rhinolalie)<\/span><\/li>\n<li><span style=\"font-size: medium;\">Stimmst\u00f6rungen bei<\/span>\n<ul>\n<li><span style=\"font-size: medium;\">Vielsprechern und S\u00e4ngern<\/span><\/li>\n<li><span style=\"font-size: medium;\">nach Krebsbehandlung<\/span><\/li>\n<li><span style=\"font-size: medium;\">nach Operationen im Kopf-\/Halsbereich<\/span><\/li>\n<li><span style=\"font-size: medium;\">bei neurologischen Erkrankungen<\/span><\/li>\n<li><span style=\"font-size: medium;\">bei psychischen Erkrankungen<\/span><\/li>\n<li><span style=\"font-size: medium;\">Schreikn\u00f6tchen u. \u00d6demen<\/span><\/li>\n<li><span style=\"font-size: medium;\">Kindern<\/span><\/li>\n<\/ul>\n<\/li>\n<li><span style=\"font-size: medium;\">Ersatzstimmanbahnung nach Kehlkopfentfernung<\/span><\/li>\n<\/ul>\n<p>&nbsp;<\/p>\n<p style=\"text-align: center;\"><span style=\"font-size: large;\"><b>H\u00f6rst\u00f6rungen<\/b><\/span><\/p>\n<ul>\n<li><span style=\"font-size: medium;\">Auditive Wahrnehmungsst\u00f6rung<\/span><\/li>\n<li><span style=\"font-size: medium;\">Einsatz eines Cochlea Implantat<\/span><\/li>\n<\/ul>\n<p>&nbsp;<\/p>\n<p style=\"text-align: center;\"><span style=\"font-size: large;\"><b>Wahrnehmungsst\u00f6rungen<\/b><\/span><\/p>\n<ul>\n<li><span style=\"font-size: medium;\">H\u00f6rwahrnehmung<\/span><\/li>\n<li><span style=\"font-size: medium;\">Lese-Rechtschreib-St\u00f6rungen (LRS)<\/span><\/li>\n<li><span style=\"font-size: medium;\">Legasthenie<\/span><\/li>\n<li><span style=\"font-size: medium;\">Visuelle und taktil-kin\u00e4sthetische Wahrnehmung<\/span><\/li>\n<\/ul>\n<p>&nbsp;<\/p>\n<p style=\"text-align: center;\"><span style=\"font-size: large;\"><b>Muskul\u00e4re St\u00f6rungen<\/b><\/span><\/p>\n<ul>\n<li><span style=\"font-size: medium;\">Gesichtsl\u00e4hmungen (Facialisparese)<\/span><\/li>\n<li><span style=\"font-size: medium;\">Z\u00e4hneknirschen (Bruxismus)<\/span><\/li>\n<li><span style=\"font-size: medium;\">Eingeschr\u00e4nkte Kiefer\u00f6ffnungsweite<\/span><\/li>\n<li><span style=\"font-size: medium;\">Kiefergelenksschmerzen\/Migr\u00e4ne<\/span><\/li>\n<li><span style=\"font-size: medium;\">Atemtherapie bei COPD und Asthma<\/span><\/li>\n<\/ul>\n<p>&nbsp;<\/p>\n<p style=\"text-align: center;\"><span style=\"font-size: large;\"><b>Zusatzleistungen<\/b><\/span><\/p>\n<ul>\n<li><span style=\"font-size: medium;\">Fachvortr\u00e4ge<\/span><\/li>\n<li><span style=\"font-size: medium;\">Elternabende in Kinderg\u00e4rten und Grundschulen<\/span><\/li>\n<li><span style=\"font-size: medium;\">Fortbildungsseminare bei Tagesm\u00fcttern und Erzieherinnen<\/span><\/li>\n<li><span style=\"font-size: medium;\">Stimmbildungsseminare f. Ch\u00f6re und Firmen<\/span><\/li>\n<li><span style=\"font-size: medium;\">Anti-Schnarch-Kurse<\/span><\/li>\n<li><span style=\"font-size: medium;\">Lesekurse<\/span><\/li>\n<li><span style=\"font-size: medium;\">Hirnleistungstraining f\u00fcr Senioren<\/span><\/li>\n<li><span style=\"font-size: medium;\">Schulvorbereitungskurse f\u00fcr Vorsch\u00fcler<\/span><\/li>\n<\/ul>\n","protected":false},"excerpt":{"rendered":"<p>Sprechst\u00f6rungen angeborene Artikulationsst\u00f6rungen\/Lautfehlbildungen (Dyslalie) erworbene Artikulationsst\u00f6rungen z.B. nach Schlaganfall oder bei neurologischen Erkrankungen (Dysarthrie) Sprachentwicklungsbehinderung Stottern Poltern &nbsp; Sprachst\u00f6rungen St\u00f6rungen der Grammatik (Dysgrammatismus) Wortschatzdefizite Wortfindungsst\u00f6rungen b. Kindern u. Erwachsenen Sprachst\u00f6rungen nach Schlaganfall (Aphasie) Sprachst\u00f6rungen bei Demenz &nbsp; Schluckst\u00f6rungen Saug- und Trinkst\u00f6rungen bei S\u00e4uglingen Muskelfunktionsst\u00f6rungen von Zunge und Kiefer zur Zahnspangenunterst\u00fctzung [&hellip;]<\/p>\n","protected":false},"author":1,"featured_media":0,"parent":0,"menu_order":0,"comment_status":"closed","ping_status":"closed","template":"","meta":{"footnotes":""},"class_list":["post-25","page","type-page","status-publish","hentry"],"_links":{"self":[{"href":"https:\/\/xn--logopdie-stapf-9hb.de\/wordpress\/wp-json\/wp\/v2\/pages\/25","targetHints":{"allow":["GET"]}}],"collection":[{"href":"https:\/\/xn--logopdie-stapf-9hb.de\/wordpress\/wp-json\/wp\/v2\/pages"}],"about":[{"href":"https:\/\/xn--logopdie-stapf-9hb.de\/wordpress\/wp-json\/wp\/v2\/types\/page"}],"author":[{"embeddable":true,"href":"https:\/\/xn--logopdie-stapf-9hb.de\/wordpress\/wp-json\/wp\/v2\/users\/1"}],"replies":[{"embeddable":true,"href":"https:\/\/xn--logopdie-stapf-9hb.de\/wordpress\/wp-json\/wp\/v2\/comments?post=25"}],"version-history":[{"count":4,"href":"https:\/\/xn--logopdie-stapf-9hb.de\/wordpress\/wp-json\/wp\/v2\/pages\/25\/revisions"}],"predecessor-version":[{"id":188,"href":"https:\/\/xn--logopdie-stapf-9hb.de\/wordpress\/wp-json\/wp\/v2\/pages\/25\/revisions\/188"}],"wp:attachment":[{"href":"https:\/\/xn--logopdie-stapf-9hb.de\/wordpress\/wp-json\/wp\/v2\/media?parent=25"}],"curies":[{"name":"wp","href":"https:\/\/api.w.org\/{rel}","templated":true}]}}